{"id":93,"date":"2019-05-26T17:46:35","date_gmt":"2019-05-26T21:46:35","guid":{"rendered":"http:\/\/escuelajoyas.cl\/?page_id=93"},"modified":"2025-06-12T12:26:24","modified_gmt":"2025-06-12T16:26:24","slug":"horarios","status":"publish","type":"page","link":"https:\/\/escuelajoyas.cl\/index.php\/horarios\/","title":{"rendered":"HORARIOS"},"content":{"rendered":"\n<p>Las clases de joyer\u00eda se realizan de lunes a s\u00e1bado en diferentes horarios durante el d\u00eda con la finalidad que encuentres el adecuado y compatible con tu rutina diaria.<\/p>\n\n\n\n<figure class=\"wp-block-gallery has-nested-images columns-default is-cropped wp-block-gallery-1 is-layout-flex wp-block-gallery-is-layout-flex\">\n<figure class=\"wp-block-image size-large\"><img data-recalc-dims=\"1\" fetchpriority=\"high\" decoding=\"async\" width=\"750\" height=\"397\" data-id=\"211\" src=\"https:\/\/i0.wp.com\/escuelajoyas.cl\/wp-content\/uploads\/2025\/06\/Image-4.jpg?resize=750%2C397&#038;ssl=1\" alt=\"\" class=\"wp-image-211\" srcset=\"https:\/\/i0.wp.com\/escuelajoyas.cl\/wp-content\/uploads\/2025\/06\/Image-4.jpg?w=1024&amp;ssl=1 1024w, https:\/\/i0.wp.com\/escuelajoyas.cl\/wp-content\/uploads\/2025\/06\/Image-4.jpg?resize=300%2C159&amp;ssl=1 300w, https:\/\/i0.wp.com\/escuelajoyas.cl\/wp-content\/uploads\/2025\/06\/Image-4.jpg?resize=768%2C407&amp;ssl=1 768w\" sizes=\"(max-width: 750px) 100vw, 750px\" \/><\/figure>\n<\/figure>\n\n\n\n<p>Las clases tienen una duraci\u00f3n de 3 horas, las cuales se dividen en 2 m\u00f3dulos de 80 minutos y un descanso de 15 minutos. <\/p>\n\n\n\n<p><\/p>\n","protected":false},"excerpt":{"rendered":"<p>Las clases de joyer\u00eda se realizan de lunes a s\u00e1bado en diferentes horarios durante el d\u00eda con la finalidad que encuentres el adecuado y compatible con tu rutina diaria. Las clases tienen una duraci\u00f3n de 3 horas, las cuales se dividen en 2 m\u00f3dulos de 80 minutos y un descanso [&hellip;]<\/p>\n","protected":false},"author":1,"featured_media":26,"parent":0,"menu_order":0,"comment_status":"closed","ping_status":"closed","template":"","meta":{"om_disable_all_campaigns":false,"_monsterinsights_skip_tracking":false,"_monsterinsights_sitenote_active":false,"_monsterinsights_sitenote_note":"","_monsterinsights_sitenote_category":0,"footnotes":""},"class_list":["post-93","page","type-page","status-publish","has-post-thumbnail","hentry"],"yoast_head":"<!-- This site is optimized with the Yoast SEO plugin v27.4 - https:\/\/yoast.com\/product\/yoast-seo-wordpress\/ -->\n<title>HORARIOS - Escuela Joyas<\/title>\n<meta name=\"robots\" content=\"index, follow, max-snippet:-1, max-image-preview:large, max-video-preview:-1\" \/>\n<link rel=\"canonical\" href=\"https:\/\/escuelajoyas.cl\/index.php\/horarios\/\" \/>\n<meta property=\"og:locale\" content=\"es_ES\" \/>\n<meta property=\"og:type\" content=\"article\" \/>\n<meta property=\"og:title\" content=\"HORARIOS - Escuela Joyas\" \/>\n<meta property=\"og:description\" content=\"Las clases de joyer\u00eda se realizan de lunes a s\u00e1bado en diferentes horarios durante el d\u00eda con la finalidad que encuentres el adecuado y compatible con tu rutina diaria. Las clases tienen una duraci\u00f3n de 3 horas, las cuales se dividen en 2 m\u00f3dulos de 80 minutos y un descanso [&hellip;]\" \/>\n<meta property=\"og:url\" content=\"https:\/\/escuelajoyas.cl\/index.php\/horarios\/\" \/>\n<meta property=\"og:site_name\" content=\"Escuela Joyas\" \/>\n<meta property=\"article:modified_time\" content=\"2025-06-12T16:26:24+00:00\" \/>\n<meta property=\"og:image\" content=\"https:\/\/escuelajoyas.cl\/wp-content\/uploads\/2019\/05\/Quienes-somos2.jpg\" \/>\n\t<meta property=\"og:image:width\" content=\"1500\" \/>\n\t<meta property=\"og:image:height\" content=\"665\" \/>\n\t<meta property=\"og:image:type\" content=\"image\/jpeg\" \/>\n<meta name=\"twitter:card\" content=\"summary_large_image\" \/>\n<meta name=\"twitter:label1\" content=\"Tiempo estimado de lectura\" \/>\n\t<meta name=\"twitter:data1\" content=\"1 minuto\" \/>\n<script type=\"application\/ld+json\" class=\"yoast-schema-graph\">{\"@context\":\"https:\\\/\\\/schema.org\",\"@graph\":[{\"@type\":\"WebPage\",\"@id\":\"https:\\\/\\\/escuelajoyas.cl\\\/index.php\\\/horarios\\\/\",\"url\":\"https:\\\/\\\/escuelajoyas.cl\\\/index.php\\\/horarios\\\/\",\"name\":\"HORARIOS - Escuela Joyas\",\"isPartOf\":{\"@id\":\"https:\\\/\\\/escuelajoyas.cl\\\/#website\"},\"primaryImageOfPage\":{\"@id\":\"https:\\\/\\\/escuelajoyas.cl\\\/index.php\\\/horarios\\\/#primaryimage\"},\"image\":{\"@id\":\"https:\\\/\\\/escuelajoyas.cl\\\/index.php\\\/horarios\\\/#primaryimage\"},\"thumbnailUrl\":\"https:\\\/\\\/i0.wp.com\\\/escuelajoyas.cl\\\/wp-content\\\/uploads\\\/2019\\\/05\\\/Quienes-somos2.jpg?fit=1500%2C665&ssl=1\",\"datePublished\":\"2019-05-26T21:46:35+00:00\",\"dateModified\":\"2025-06-12T16:26:24+00:00\",\"breadcrumb\":{\"@id\":\"https:\\\/\\\/escuelajoyas.cl\\\/index.php\\\/horarios\\\/#breadcrumb\"},\"inLanguage\":\"es-CL\",\"potentialAction\":[{\"@type\":\"ReadAction\",\"target\":[\"https:\\\/\\\/escuelajoyas.cl\\\/index.php\\\/horarios\\\/\"]}]},{\"@type\":\"ImageObject\",\"inLanguage\":\"es-CL\",\"@id\":\"https:\\\/\\\/escuelajoyas.cl\\\/index.php\\\/horarios\\\/#primaryimage\",\"url\":\"https:\\\/\\\/i0.wp.com\\\/escuelajoyas.cl\\\/wp-content\\\/uploads\\\/2019\\\/05\\\/Quienes-somos2.jpg?fit=1500%2C665&ssl=1\",\"contentUrl\":\"https:\\\/\\\/i0.wp.com\\\/escuelajoyas.cl\\\/wp-content\\\/uploads\\\/2019\\\/05\\\/Quienes-somos2.jpg?fit=1500%2C665&ssl=1\",\"width\":1500,\"height\":665},{\"@type\":\"BreadcrumbList\",\"@id\":\"https:\\\/\\\/escuelajoyas.cl\\\/index.php\\\/horarios\\\/#breadcrumb\",\"itemListElement\":[{\"@type\":\"ListItem\",\"position\":1,\"name\":\"Portada\",\"item\":\"https:\\\/\\\/escuelajoyas.cl\\\/\"},{\"@type\":\"ListItem\",\"position\":2,\"name\":\"HORARIOS\"}]},{\"@type\":\"WebSite\",\"@id\":\"https:\\\/\\\/escuelajoyas.cl\\\/#website\",\"url\":\"https:\\\/\\\/escuelajoyas.cl\\\/\",\"name\":\"Escuela Joyas\",\"description\":\"By Bongain Joyas\",\"publisher\":{\"@id\":\"https:\\\/\\\/escuelajoyas.cl\\\/#organization\"},\"potentialAction\":[{\"@type\":\"SearchAction\",\"target\":{\"@type\":\"EntryPoint\",\"urlTemplate\":\"https:\\\/\\\/escuelajoyas.cl\\\/?s={search_term_string}\"},\"query-input\":{\"@type\":\"PropertyValueSpecification\",\"valueRequired\":true,\"valueName\":\"search_term_string\"}}],\"inLanguage\":\"es-CL\"},{\"@type\":\"Organization\",\"@id\":\"https:\\\/\\\/escuelajoyas.cl\\\/#organization\",\"name\":\"Escuela Joyas\",\"url\":\"https:\\\/\\\/escuelajoyas.cl\\\/\",\"logo\":{\"@type\":\"ImageObject\",\"inLanguage\":\"es-CL\",\"@id\":\"https:\\\/\\\/escuelajoyas.cl\\\/#\\\/schema\\\/logo\\\/image\\\/\",\"url\":\"https:\\\/\\\/i0.wp.com\\\/escuelajoyas.cl\\\/wp-content\\\/uploads\\\/2019\\\/05\\\/cropped-Logo-Transparente-3.png?fit=450%2C131&ssl=1\",\"contentUrl\":\"https:\\\/\\\/i0.wp.com\\\/escuelajoyas.cl\\\/wp-content\\\/uploads\\\/2019\\\/05\\\/cropped-Logo-Transparente-3.png?fit=450%2C131&ssl=1\",\"width\":450,\"height\":131,\"caption\":\"Escuela Joyas\"},\"image\":{\"@id\":\"https:\\\/\\\/escuelajoyas.cl\\\/#\\\/schema\\\/logo\\\/image\\\/\"}}]}<\/script>\n<!-- \/ Yoast SEO plugin. -->","yoast_head_json":{"title":"HORARIOS - Escuela Joyas","robots":{"index":"index","follow":"follow","max-snippet":"max-snippet:-1","max-image-preview":"max-image-preview:large","max-video-preview":"max-video-preview:-1"},"canonical":"https:\/\/escuelajoyas.cl\/index.php\/horarios\/","og_locale":"es_ES","og_type":"article","og_title":"HORARIOS - Escuela Joyas","og_description":"Las clases de joyer\u00eda se realizan de lunes a s\u00e1bado en diferentes horarios durante el d\u00eda con la finalidad que encuentres el adecuado y compatible con tu rutina diaria. Las clases tienen una duraci\u00f3n de 3 horas, las cuales se dividen en 2 m\u00f3dulos de 80 minutos y un descanso [&hellip;]","og_url":"https:\/\/escuelajoyas.cl\/index.php\/horarios\/","og_site_name":"Escuela Joyas","article_modified_time":"2025-06-12T16:26:24+00:00","og_image":[{"width":1500,"height":665,"url":"https:\/\/escuelajoyas.cl\/wp-content\/uploads\/2019\/05\/Quienes-somos2.jpg","type":"image\/jpeg"}],"twitter_card":"summary_large_image","twitter_misc":{"Tiempo estimado de lectura":"1 minuto"},"schema":{"@context":"https:\/\/schema.org","@graph":[{"@type":"WebPage","@id":"https:\/\/escuelajoyas.cl\/index.php\/horarios\/","url":"https:\/\/escuelajoyas.cl\/index.php\/horarios\/","name":"HORARIOS - Escuela Joyas","isPartOf":{"@id":"https:\/\/escuelajoyas.cl\/#website"},"primaryImageOfPage":{"@id":"https:\/\/escuelajoyas.cl\/index.php\/horarios\/#primaryimage"},"image":{"@id":"https:\/\/escuelajoyas.cl\/index.php\/horarios\/#primaryimage"},"thumbnailUrl":"https:\/\/i0.wp.com\/escuelajoyas.cl\/wp-content\/uploads\/2019\/05\/Quienes-somos2.jpg?fit=1500%2C665&ssl=1","datePublished":"2019-05-26T21:46:35+00:00","dateModified":"2025-06-12T16:26:24+00:00","breadcrumb":{"@id":"https:\/\/escuelajoyas.cl\/index.php\/horarios\/#breadcrumb"},"inLanguage":"es-CL","potentialAction":[{"@type":"ReadAction","target":["https:\/\/escuelajoyas.cl\/index.php\/horarios\/"]}]},{"@type":"ImageObject","inLanguage":"es-CL","@id":"https:\/\/escuelajoyas.cl\/index.php\/horarios\/#primaryimage","url":"https:\/\/i0.wp.com\/escuelajoyas.cl\/wp-content\/uploads\/2019\/05\/Quienes-somos2.jpg?fit=1500%2C665&ssl=1","contentUrl":"https:\/\/i0.wp.com\/escuelajoyas.cl\/wp-content\/uploads\/2019\/05\/Quienes-somos2.jpg?fit=1500%2C665&ssl=1","width":1500,"height":665},{"@type":"BreadcrumbList","@id":"https:\/\/escuelajoyas.cl\/index.php\/horarios\/#breadcrumb","itemListElement":[{"@type":"ListItem","position":1,"name":"Portada","item":"https:\/\/escuelajoyas.cl\/"},{"@type":"ListItem","position":2,"name":"HORARIOS"}]},{"@type":"WebSite","@id":"https:\/\/escuelajoyas.cl\/#website","url":"https:\/\/escuelajoyas.cl\/","name":"Escuela Joyas","description":"By Bongain Joyas","publisher":{"@id":"https:\/\/escuelajoyas.cl\/#organization"},"potentialAction":[{"@type":"SearchAction","target":{"@type":"EntryPoint","urlTemplate":"https:\/\/escuelajoyas.cl\/?s={search_term_string}"},"query-input":{"@type":"PropertyValueSpecification","valueRequired":true,"valueName":"search_term_string"}}],"inLanguage":"es-CL"},{"@type":"Organization","@id":"https:\/\/escuelajoyas.cl\/#organization","name":"Escuela Joyas","url":"https:\/\/escuelajoyas.cl\/","logo":{"@type":"ImageObject","inLanguage":"es-CL","@id":"https:\/\/escuelajoyas.cl\/#\/schema\/logo\/image\/","url":"https:\/\/i0.wp.com\/escuelajoyas.cl\/wp-content\/uploads\/2019\/05\/cropped-Logo-Transparente-3.png?fit=450%2C131&ssl=1","contentUrl":"https:\/\/i0.wp.com\/escuelajoyas.cl\/wp-content\/uploads\/2019\/05\/cropped-Logo-Transparente-3.png?fit=450%2C131&ssl=1","width":450,"height":131,"caption":"Escuela Joyas"},"image":{"@id":"https:\/\/escuelajoyas.cl\/#\/schema\/logo\/image\/"}}]}},"jetpack_sharing_enabled":true,"_links":{"self":[{"href":"https:\/\/escuelajoyas.cl\/index.php\/wp-json\/wp\/v2\/pages\/93","targetHints":{"allow":["GET"]}}],"collection":[{"href":"https:\/\/escuelajoyas.cl\/index.php\/wp-json\/wp\/v2\/pages"}],"about":[{"href":"https:\/\/escuelajoyas.cl\/index.php\/wp-json\/wp\/v2\/types\/page"}],"author":[{"embeddable":true,"href":"https:\/\/escuelajoyas.cl\/index.php\/wp-json\/wp\/v2\/users\/1"}],"replies":[{"embeddable":true,"href":"https:\/\/escuelajoyas.cl\/index.php\/wp-json\/wp\/v2\/comments?post=93"}],"version-history":[{"count":3,"href":"https:\/\/escuelajoyas.cl\/index.php\/wp-json\/wp\/v2\/pages\/93\/revisions"}],"predecessor-version":[{"id":212,"href":"https:\/\/escuelajoyas.cl\/index.php\/wp-json\/wp\/v2\/pages\/93\/revisions\/212"}],"wp:featuredmedia":[{"embeddable":true,"href":"https:\/\/escuelajoyas.cl\/index.php\/wp-json\/wp\/v2\/media\/26"}],"wp:attachment":[{"href":"https:\/\/escuelajoyas.cl\/index.php\/wp-json\/wp\/v2\/media?parent=93"}],"curies":[{"name":"wp","href":"https:\/\/api.w.org\/{rel}","templated":true}]}}