{"id":11,"date":"2019-05-26T14:14:31","date_gmt":"2019-05-26T18:14:31","guid":{"rendered":"http:\/\/escuelajoyas.cl\/?page_id=11"},"modified":"2025-06-12T12:04:02","modified_gmt":"2025-06-12T16:04:02","slug":"inicio","status":"publish","type":"page","link":"https:\/\/escuelajoyas.cl\/","title":{"rendered":"Inicio"},"content":{"rendered":"<h2>Objetivos<\/h2>\n<p>1.- Lograr\u00e1s crear\u00a0 piezas de joyer\u00eda en metales como plata y oro (nivel avanzado) con piedras semi &#8211; preciosas potenciando el uso de t\u00e9cnicas tradicionales y actualizadas para conseguir un resultado \u00fanico e inspirador.<br \/>2.- Aprender\u00e1s y perfeccionar\u00e1s tus habilidades naturales para lograr un trabajo especial en un espacio motivador a trav\u00e9s de clases pr\u00e1cticas y totalmente orientadas a tus necesidades y ritmo de trabajo.<\/p>\n<h2>Metodolog\u00eda<\/h2>\n<p>Las clases son din\u00e1micas y pr\u00e1cticas para que los participantes \u201caprendan haciendo\u201d y logren avanzar en su proceso de creaci\u00f3n e incorporaci\u00f3n de los conocimientos hasta llegar a la elaboraci\u00f3n de la joya en forma aut\u00f3noma, sinti\u00e9ndose parte de un espacio en el cual podr\u00e1n compartir y disfrutar la experiencia con otros estudiantes en torno a esta maravilloso arte que es la joyer\u00eda.<\/p>\n<h2>N\u00ba Alumnos<\/h2>\n<p>Los cupos son limitados (m\u00e1ximo 3 alumno(a)s por clase), dado que nuestra escuela se enfoca en ofrecer un servicio de calidad, personalizado y en el que realmente se logren progresos significativos. Es por ello que la metodolog\u00eda de nuestro Joyero Docente apunta a ense\u00f1ar de acuerdo a cada nivel y paso a paso.<\/p>\n<p><a href=\"https:\/\/bongainjoyas.cl\/contacto\/\"><strong>CONTACTANOS ACA!<\/strong><\/a><\/p>\n\n\n<p><\/p>\n","protected":false},"excerpt":{"rendered":"<p>Objetivos 1.- Lograr\u00e1s crear\u00a0 piezas de joyer\u00eda en metales como plata y oro (nivel avanzado) con piedras semi &#8211; preciosas potenciando el uso de t\u00e9cnicas tradicionales y actualizadas para conseguir un resultado \u00fanico e inspirador.2.- Aprender\u00e1s y perfeccionar\u00e1s tus habilidades naturales para lograr un trabajo especial en un espacio motivador [&hellip;]<\/p>\n","protected":false},"author":1,"featured_media":26,"parent":0,"menu_order":0,"comment_status":"closed","ping_status":"closed","template":"","meta":{"om_disable_all_campaigns":false,"_monsterinsights_skip_tracking":false,"_monsterinsights_sitenote_active":false,"_monsterinsights_sitenote_note":"","_monsterinsights_sitenote_category":0,"footnotes":""},"class_list":["post-11","page","type-page","status-publish","has-post-thumbnail","hentry"],"yoast_head":"<!-- This site is optimized with the Yoast SEO plugin v27.4 - https:\/\/yoast.com\/product\/yoast-seo-wordpress\/ -->\n<title>Inicio - Escuela Joyas<\/title>\n<meta name=\"robots\" content=\"index, follow, max-snippet:-1, max-image-preview:large, max-video-preview:-1\" \/>\n<link rel=\"canonical\" href=\"https:\/\/escuelajoyas.cl\/\" \/>\n<meta property=\"og:locale\" content=\"es_ES\" \/>\n<meta property=\"og:type\" content=\"article\" \/>\n<meta property=\"og:title\" content=\"Inicio - Escuela Joyas\" \/>\n<meta property=\"og:description\" content=\"Objetivos 1.- Lograr\u00e1s crear\u00a0 piezas de joyer\u00eda en metales como plata y oro (nivel avanzado) con piedras semi &#8211; preciosas potenciando el uso de t\u00e9cnicas tradicionales y actualizadas para conseguir un resultado \u00fanico e inspirador.2.- Aprender\u00e1s y perfeccionar\u00e1s tus habilidades naturales para lograr un trabajo especial en un espacio motivador [&hellip;]\" \/>\n<meta property=\"og:url\" content=\"https:\/\/escuelajoyas.cl\/\" \/>\n<meta property=\"og:site_name\" content=\"Escuela Joyas\" \/>\n<meta property=\"article:modified_time\" content=\"2025-06-12T16:04:02+00:00\" \/>\n<meta property=\"og:image\" content=\"https:\/\/escuelajoyas.cl\/wp-content\/uploads\/2019\/05\/Quienes-somos2.jpg\" \/>\n\t<meta property=\"og:image:width\" content=\"1500\" \/>\n\t<meta property=\"og:image:height\" content=\"665\" \/>\n\t<meta property=\"og:image:type\" content=\"image\/jpeg\" \/>\n<meta name=\"twitter:card\" content=\"summary_large_image\" \/>\n<meta name=\"twitter:label1\" content=\"Tiempo estimado de lectura\" \/>\n\t<meta name=\"twitter:data1\" content=\"2 minutos\" \/>\n<script type=\"application\/ld+json\" class=\"yoast-schema-graph\">{\"@context\":\"https:\\\/\\\/schema.org\",\"@graph\":[{\"@type\":\"WebPage\",\"@id\":\"https:\\\/\\\/escuelajoyas.cl\\\/\",\"url\":\"https:\\\/\\\/escuelajoyas.cl\\\/\",\"name\":\"Inicio - Escuela Joyas\",\"isPartOf\":{\"@id\":\"https:\\\/\\\/escuelajoyas.cl\\\/#website\"},\"primaryImageOfPage\":{\"@id\":\"https:\\\/\\\/escuelajoyas.cl\\\/#primaryimage\"},\"image\":{\"@id\":\"https:\\\/\\\/escuelajoyas.cl\\\/#primaryimage\"},\"thumbnailUrl\":\"https:\\\/\\\/i0.wp.com\\\/escuelajoyas.cl\\\/wp-content\\\/uploads\\\/2019\\\/05\\\/Quienes-somos2.jpg?fit=1500%2C665&ssl=1\",\"datePublished\":\"2019-05-26T18:14:31+00:00\",\"dateModified\":\"2025-06-12T16:04:02+00:00\",\"breadcrumb\":{\"@id\":\"https:\\\/\\\/escuelajoyas.cl\\\/#breadcrumb\"},\"inLanguage\":\"es-CL\",\"potentialAction\":[{\"@type\":\"ReadAction\",\"target\":[\"https:\\\/\\\/escuelajoyas.cl\\\/\"]}]},{\"@type\":\"ImageObject\",\"inLanguage\":\"es-CL\",\"@id\":\"https:\\\/\\\/escuelajoyas.cl\\\/#primaryimage\",\"url\":\"https:\\\/\\\/i0.wp.com\\\/escuelajoyas.cl\\\/wp-content\\\/uploads\\\/2019\\\/05\\\/Quienes-somos2.jpg?fit=1500%2C665&ssl=1\",\"contentUrl\":\"https:\\\/\\\/i0.wp.com\\\/escuelajoyas.cl\\\/wp-content\\\/uploads\\\/2019\\\/05\\\/Quienes-somos2.jpg?fit=1500%2C665&ssl=1\",\"width\":1500,\"height\":665},{\"@type\":\"BreadcrumbList\",\"@id\":\"https:\\\/\\\/escuelajoyas.cl\\\/#breadcrumb\",\"itemListElement\":[{\"@type\":\"ListItem\",\"position\":1,\"name\":\"Portada\",\"item\":\"https:\\\/\\\/escuelajoyas.cl\\\/\"},{\"@type\":\"ListItem\",\"position\":2,\"name\":\"Inicio\"}]},{\"@type\":\"WebSite\",\"@id\":\"https:\\\/\\\/escuelajoyas.cl\\\/#website\",\"url\":\"https:\\\/\\\/escuelajoyas.cl\\\/\",\"name\":\"Escuela Joyas\",\"description\":\"By Bongain Joyas\",\"publisher\":{\"@id\":\"https:\\\/\\\/escuelajoyas.cl\\\/#organization\"},\"potentialAction\":[{\"@type\":\"SearchAction\",\"target\":{\"@type\":\"EntryPoint\",\"urlTemplate\":\"https:\\\/\\\/escuelajoyas.cl\\\/?s={search_term_string}\"},\"query-input\":{\"@type\":\"PropertyValueSpecification\",\"valueRequired\":true,\"valueName\":\"search_term_string\"}}],\"inLanguage\":\"es-CL\"},{\"@type\":\"Organization\",\"@id\":\"https:\\\/\\\/escuelajoyas.cl\\\/#organization\",\"name\":\"Escuela Joyas\",\"url\":\"https:\\\/\\\/escuelajoyas.cl\\\/\",\"logo\":{\"@type\":\"ImageObject\",\"inLanguage\":\"es-CL\",\"@id\":\"https:\\\/\\\/escuelajoyas.cl\\\/#\\\/schema\\\/logo\\\/image\\\/\",\"url\":\"https:\\\/\\\/i0.wp.com\\\/escuelajoyas.cl\\\/wp-content\\\/uploads\\\/2019\\\/05\\\/cropped-Logo-Transparente-3.png?fit=450%2C131&ssl=1\",\"contentUrl\":\"https:\\\/\\\/i0.wp.com\\\/escuelajoyas.cl\\\/wp-content\\\/uploads\\\/2019\\\/05\\\/cropped-Logo-Transparente-3.png?fit=450%2C131&ssl=1\",\"width\":450,\"height\":131,\"caption\":\"Escuela Joyas\"},\"image\":{\"@id\":\"https:\\\/\\\/escuelajoyas.cl\\\/#\\\/schema\\\/logo\\\/image\\\/\"}}]}<\/script>\n<!-- \/ Yoast SEO plugin. -->","yoast_head_json":{"title":"Inicio - Escuela Joyas","robots":{"index":"index","follow":"follow","max-snippet":"max-snippet:-1","max-image-preview":"max-image-preview:large","max-video-preview":"max-video-preview:-1"},"canonical":"https:\/\/escuelajoyas.cl\/","og_locale":"es_ES","og_type":"article","og_title":"Inicio - Escuela Joyas","og_description":"Objetivos 1.- Lograr\u00e1s crear\u00a0 piezas de joyer\u00eda en metales como plata y oro (nivel avanzado) con piedras semi &#8211; preciosas potenciando el uso de t\u00e9cnicas tradicionales y actualizadas para conseguir un resultado \u00fanico e inspirador.2.- Aprender\u00e1s y perfeccionar\u00e1s tus habilidades naturales para lograr un trabajo especial en un espacio motivador [&hellip;]","og_url":"https:\/\/escuelajoyas.cl\/","og_site_name":"Escuela Joyas","article_modified_time":"2025-06-12T16:04:02+00:00","og_image":[{"width":1500,"height":665,"url":"https:\/\/escuelajoyas.cl\/wp-content\/uploads\/2019\/05\/Quienes-somos2.jpg","type":"image\/jpeg"}],"twitter_card":"summary_large_image","twitter_misc":{"Tiempo estimado de lectura":"2 minutos"},"schema":{"@context":"https:\/\/schema.org","@graph":[{"@type":"WebPage","@id":"https:\/\/escuelajoyas.cl\/","url":"https:\/\/escuelajoyas.cl\/","name":"Inicio - Escuela Joyas","isPartOf":{"@id":"https:\/\/escuelajoyas.cl\/#website"},"primaryImageOfPage":{"@id":"https:\/\/escuelajoyas.cl\/#primaryimage"},"image":{"@id":"https:\/\/escuelajoyas.cl\/#primaryimage"},"thumbnailUrl":"https:\/\/i0.wp.com\/escuelajoyas.cl\/wp-content\/uploads\/2019\/05\/Quienes-somos2.jpg?fit=1500%2C665&ssl=1","datePublished":"2019-05-26T18:14:31+00:00","dateModified":"2025-06-12T16:04:02+00:00","breadcrumb":{"@id":"https:\/\/escuelajoyas.cl\/#breadcrumb"},"inLanguage":"es-CL","potentialAction":[{"@type":"ReadAction","target":["https:\/\/escuelajoyas.cl\/"]}]},{"@type":"ImageObject","inLanguage":"es-CL","@id":"https:\/\/escuelajoyas.cl\/#primaryimage","url":"https:\/\/i0.wp.com\/escuelajoyas.cl\/wp-content\/uploads\/2019\/05\/Quienes-somos2.jpg?fit=1500%2C665&ssl=1","contentUrl":"https:\/\/i0.wp.com\/escuelajoyas.cl\/wp-content\/uploads\/2019\/05\/Quienes-somos2.jpg?fit=1500%2C665&ssl=1","width":1500,"height":665},{"@type":"BreadcrumbList","@id":"https:\/\/escuelajoyas.cl\/#breadcrumb","itemListElement":[{"@type":"ListItem","position":1,"name":"Portada","item":"https:\/\/escuelajoyas.cl\/"},{"@type":"ListItem","position":2,"name":"Inicio"}]},{"@type":"WebSite","@id":"https:\/\/escuelajoyas.cl\/#website","url":"https:\/\/escuelajoyas.cl\/","name":"Escuela Joyas","description":"By Bongain Joyas","publisher":{"@id":"https:\/\/escuelajoyas.cl\/#organization"},"potentialAction":[{"@type":"SearchAction","target":{"@type":"EntryPoint","urlTemplate":"https:\/\/escuelajoyas.cl\/?s={search_term_string}"},"query-input":{"@type":"PropertyValueSpecification","valueRequired":true,"valueName":"search_term_string"}}],"inLanguage":"es-CL"},{"@type":"Organization","@id":"https:\/\/escuelajoyas.cl\/#organization","name":"Escuela Joyas","url":"https:\/\/escuelajoyas.cl\/","logo":{"@type":"ImageObject","inLanguage":"es-CL","@id":"https:\/\/escuelajoyas.cl\/#\/schema\/logo\/image\/","url":"https:\/\/i0.wp.com\/escuelajoyas.cl\/wp-content\/uploads\/2019\/05\/cropped-Logo-Transparente-3.png?fit=450%2C131&ssl=1","contentUrl":"https:\/\/i0.wp.com\/escuelajoyas.cl\/wp-content\/uploads\/2019\/05\/cropped-Logo-Transparente-3.png?fit=450%2C131&ssl=1","width":450,"height":131,"caption":"Escuela Joyas"},"image":{"@id":"https:\/\/escuelajoyas.cl\/#\/schema\/logo\/image\/"}}]}},"jetpack_sharing_enabled":true,"_links":{"self":[{"href":"https:\/\/escuelajoyas.cl\/index.php\/wp-json\/wp\/v2\/pages\/11","targetHints":{"allow":["GET"]}}],"collection":[{"href":"https:\/\/escuelajoyas.cl\/index.php\/wp-json\/wp\/v2\/pages"}],"about":[{"href":"https:\/\/escuelajoyas.cl\/index.php\/wp-json\/wp\/v2\/types\/page"}],"author":[{"embeddable":true,"href":"https:\/\/escuelajoyas.cl\/index.php\/wp-json\/wp\/v2\/users\/1"}],"replies":[{"embeddable":true,"href":"https:\/\/escuelajoyas.cl\/index.php\/wp-json\/wp\/v2\/comments?post=11"}],"version-history":[{"count":6,"href":"https:\/\/escuelajoyas.cl\/index.php\/wp-json\/wp\/v2\/pages\/11\/revisions"}],"predecessor-version":[{"id":202,"href":"https:\/\/escuelajoyas.cl\/index.php\/wp-json\/wp\/v2\/pages\/11\/revisions\/202"}],"wp:featuredmedia":[{"embeddable":true,"href":"https:\/\/escuelajoyas.cl\/index.php\/wp-json\/wp\/v2\/media\/26"}],"wp:attachment":[{"href":"https:\/\/escuelajoyas.cl\/index.php\/wp-json\/wp\/v2\/media?parent=11"}],"curies":[{"name":"wp","href":"https:\/\/api.w.org\/{rel}","templated":true}]}}